{"id":271,"date":"2023-05-14T21:42:05","date_gmt":"2023-05-14T21:42:05","guid":{"rendered":"https:\/\/www.aparcabarato.com\/politica-de-cookies\/"},"modified":"2023-05-14T21:42:05","modified_gmt":"2023-05-14T21:42:05","slug":"politica-de-cookies","status":"publish","type":"page","link":"https:\/\/www.aparcabarato.com\/ca\/politica-de-cookies\/","title":{"rendered":"Pol\u00edtica de cookies"},"content":{"rendered":"<div\nstyle=\"padding-top:var(--wp--preset--spacing--50);padding-bottom:var(--wp--preset--spacing--50);\" class=\"xsd-container html-content has-none-bg html-content wp-block-xsd-container\">\n\t<div class=\"wrapper wrapper--normal\">\n\t\t\n\n<h1 class=\"wp-block-heading\">Pol\u00edtica de cookies<\/h1>\n\n\n\n<p><strong>1. Introducci\u00f3n<\/strong><\/p>\n\n\n\n<p>Nuestra web, https:\/\/aparcabarato.com (en adelante: \u00abla web\u00bb) utiliza cookies y otras tecnolog\u00edas relacionadas (para mayor comodidad, todas las tecnolog\u00edas se denominan \u00abcookies\u00bb). Las cookies tambi\u00e9n son colocadas por terceros a los que hemos contratado. En el siguiente documento te informamos sobre el uso de cookies en nuestra web.<\/p>\n\n\n\n<p><strong>2. \u00bfQu\u00e9 son las cookies?<\/strong><\/p>\n\n\n\n<p>Una cookie es un peque\u00f1o archivo simple que se env\u00eda junto con las p\u00e1ginas de esta web y que tu navegador almacena en el disco duro de tu ordenador o de otro dispositivo. La informaci\u00f3n almacenada puede ser devuelta a nuestros servidores o a los servidores de terceros relevantes durante una visita posterior.<\/p>\n\n\n\n<p><strong>3. \u00bfQu\u00e9 son los scripts?<\/strong><\/p>\n\n\n\n<p>Un script es un fragmento de c\u00f3digo de programa que se utiliza para hacer que nuestra web funcione correctamente y de forma interactiva. Este c\u00f3digo se ejecuta en nuestro servidor o en tu dispositivo.<\/p>\n\n\n\n<p><strong>4. \u00bfQu\u00e9 es una baliza web?<\/strong><\/p>\n\n\n\n<p>Una baliza web (o una etiqueta de p\u00edxel) es una peque\u00f1a e invisible pieza de texto o imagen en una web que se utiliza para hacer seguimiento del tr\u00e1fico en una web. Para ello, se almacenan varios datos sobre ti mediante balizas web.<\/p>\n\n\n\n<p><strong>5. Cookies<\/strong><\/p>\n\n\n\n<p><strong>5.1 \u00bfQu\u00e9 tipos de Cookies existen?<\/strong><\/p>\n\n\n\n<p>Por favor, revisa esta secci\u00f3n que proporciona una visi\u00f3n general de la tipolog\u00eda de Cookies que se pueden utilizar en un entorno online. En funci\u00f3n del propietario de las Cookies, pueden clasificarse en:<\/p>\n\n\n\n<ul class=\"wp-block-list\">\n<li>Cookies propias: Son aquellas que se env\u00edan al ordenador o dispositivo del usuario desde un equipo o dominio gestionado por el propio editor, y desde el que se ofrece la web o el servicio solicitado por el usuario.<\/li>\n\n\n\n<li>Cookies de tercero: Son aquellas que se env\u00edan al ordenador o dispositivo del usuario desde un equipo o dominio que no es gestionado por el editor, sino por otra entidad que trata los datos obtenidos a trav\u00e9s de las cookies.<\/li>\n<\/ul>\n\n\n\n<p>En funci\u00f3n de la finalidad de la Cookie, pueden clasificarse en:<\/p>\n\n\n\n<ul class=\"wp-block-list\">\n<li>Cookies estrictamente necesarias (t\u00e9cnicas): Son aquellas que permiten al usuario la navegaci\u00f3n a trav\u00e9s de una p\u00e1gina web, plataforma o aplicaci\u00f3n y la utilizaci\u00f3n de las diferentes opciones o servicios que en ellas existan como, por ejemplo, controlar el tr\u00e1fico, identificar datos o la sesi\u00f3n, acceder a secciones o contenidos de acceso restringido, recordar los elementos que integran un pedido, realizar el proceso de compra de un pedido, gestionar el pago, controlar el fraude vinculador a la seguridad del servicio, utilizar elementos de seguridad durante la navegaci\u00f3n, realizar la solicitud de inscripci\u00f3n o participaci\u00f3n en un evento, almacenar contenidos para la difusi\u00f3n de videos o sonido, habilitar contenidos din\u00e1micos (por ejemplo, animaci\u00f3n de carga de un texto o imagen) o compartir contenidos a trav\u00e9s de redes sociales. Las cookies t\u00e9cnicas, al ser estrictamente necesarias, se descargan por defecto cuando permitan mostrar la web o prestar el servicio solicitado por el usuario.<\/li>\n\n\n\n<li>Cookies de funcionalidad o personalizaci\u00f3n: Estas cookies son aquellas que permiten recordar informaci\u00f3n para que el usuario acceda al servicio o web con determinadas caracter\u00edsticas que pueden diferenciar su experiencia de la de otros usuarios, como, por ejemplo, el idioma, el n\u00famero de resultados a mostrar cuando el usuario realiza una b\u00fasqueda, el aspecto o contenido del servicio en funci\u00f3n del tipo de navegador usado por el usuario o de la regi\u00f3n desde la que accede al servicio, etc. El no aceptar estas Cookies puede generar un rendimiento lento de la p\u00e1gina web o recomendaciones mal adaptadas.<\/li>\n\n\n\n<li>Cookies de an\u00e1lisis: Son aquellas que permiten cuantificar el n\u00famero de usuarios, las secciones visitadas en la web y c\u00f3mo interact\u00faan con la misma, para as\u00ed realizar la medici\u00f3n y an\u00e1lisis estad\u00edstico de la utilizaci\u00f3n que hacen los usuarios, con el fin de introducir mejoras en funci\u00f3n del an\u00e1lisis de los datos de uso que hacen los usuarios de la web o servicio.<\/li>\n\n\n\n<li>Cookies de publicidad comportamental (marketing): Son aquellas que almacenan informaci\u00f3n del comportamiento de los usuarios obtenida a trav\u00e9s de la observaci\u00f3n continuada de sus h\u00e1bitos de navegaci\u00f3n, lo que permite desarrollar un perfil espec\u00edfico para mostrar publicidad en funci\u00f3n del mismo. Estas cookies permiten la gesti\u00f3n, de la forma m\u00e1s eficaz posible, de los espacios publicitarios que, en su caso, el editor haya incluido directamente o en colaboraci\u00f3n con terceros.<\/li>\n<\/ul>\n\n\n\n<p><strong>5.2 \u00bfQu\u00e9 tipos de cookies utiliza esta web?<\/strong><\/p>\n\n\n\n<p>A continuaci\u00f3n, detallamos las cookies utilizadas en nuestra web y la finalidad de las mismas:<\/p>\n\n\n\n<figure class=\"wp-block-table\"><table><tbody><tr><td>Funcionalidad<\/td><td>Proveedor<\/td><td>Cookies<\/td><td>Descripci\u00f3n<\/td><td>Tipo<\/td><td>Vida \u00fatil<\/td><td>Funcionalidad<\/td><td>Proveedor<\/td><td>Cookies<\/td><td>Descripci\u00f3n<\/td><td>Tipo<\/td><\/tr><tr><td>Cookies de an\u00e1lisis<\/td><td>google.com<\/td><td>Collect<\/td><td>Se utiliza para enviar datos a Google Analytics sobre el dispositivo del visitante y su comportamiento. Rastrea al visitante a trav\u00e9s de dispositivos y canales de marketing.<\/td><td>3rd Party<\/td><td>Session<\/td><td>Cookies de an\u00e1lisis<\/td><td>google.com<\/td><td>Collect<\/td><td>Se utiliza para enviar datos a Google Analytics sobre el dispositivo del visitante y su comportamiento. Rastrea al visitante a trav\u00e9s de dispositivos y canales de marketing.<\/td><td>3rd Party<\/td><\/tr><tr><td>Cookies de an\u00e1lisis<\/td><td>google.com<\/td><td>_ga<\/td><td>Registra una identificaci\u00f3n \u00fanica que se utiliza para generar datos estad\u00edsticos acerca de c\u00f3mo utiliza el visitante el sitio web.<\/td><td>3rd Party<\/td><td>2 a\u00f1os<\/td><td>Cookies de an\u00e1lisis<\/td><td>google.com<\/td><td>_ga<\/td><td>Registra una identificaci\u00f3n \u00fanica que se utiliza para generar datos estad\u00edsticos acerca de c\u00f3mo utiliza el visitante el sitio web.<\/td><td>3rd Party<\/td><\/tr><tr><td>Cookies de an\u00e1lisis<\/td><td>google.com<\/td><td>_gat<\/td><td>Utilizado por Google Analytics para controlar la tasa de peticiones<\/td><td>3rd Party<\/td><td>1 d\u00eda<\/td><td>Cookies de an\u00e1lisis<\/td><td>google.com<\/td><td>_gat<\/td><td>Utilizado por Google Analytics para controlar la tasa de peticiones<\/td><td>3rd Party<\/td><\/tr><tr><td>Cookies de an\u00e1lisis<\/td><td>google.com<\/td><td>_gid<\/td><td>Registra una identificaci\u00f3n \u00fanica que se utiliza para generar datos estad\u00edsticos acerca de c\u00f3mo utiliza el visitante el sitio web.<\/td><td>3rd Party<\/td><td>1 d\u00eda<\/td><td>Cookies de an\u00e1lisis<\/td><td>google.com<\/td><td>_gid<\/td><td>Registra una identificaci\u00f3n \u00fanica que se utiliza para generar datos estad\u00edsticos acerca de c\u00f3mo utiliza el visitante el sitio web.<\/td><td>3rd Party<\/td><\/tr><tr><td>Cookies de publicidad comportamental (marketing)<\/td><td>google.com<\/td><td>ads\/ga-audiences<\/td><td>Utilizada por Google Ads para reconectar con visitantes que tienen posibilidades de convertirse en clientes, se basa en el comportamiento online del cliente a trav\u00e9s de las webs.<\/td><td>3rd Party<\/td><td>Session<\/td><td>Cookies de publicidad comportamental (marketing)<\/td><td>google.com<\/td><td>ads\/ga-audiences<\/td><td>Utilizada por Google Ads para reconectar con visitantes que tienen posibilidades de convertirse en clientes, se basa en el comportamiento online del cliente a trav\u00e9s de las webs.<\/td><td>3rd Party<\/td><\/tr><\/tbody><\/table><\/figure>\n\n\n\n<p><strong>5.3 \u00bfC\u00f3mo puedo gestionar el uso de Cookies en esta web?<\/strong><\/p>\n\n\n\n<p>En caso de que est\u00e9s navegando por internet, puedes deshabilitar en tu navegador el uso de Cookies. Te indicamos la manera de realizarlo en los navegadores m\u00e1s populares:<\/p>\n\n\n\n<ul class=\"wp-block-list\">\n<li><a href=\"https:\/\/support.google.com\/accounts\/answer\/61416?co=GENIE.Platform=Desktop&amp;hl=es\">Google Chrome<\/a><\/li>\n\n\n\n<li><a href=\"https:\/\/support.mozilla.org\/es\/kb\/habilitar-y-deshabilitar-cookies-sitios-web-rastrear-preferencias\">Mozilla Firefox<\/a><\/li>\n\n\n\n<li><a href=\"https:\/\/support.microsoft.com\/es-es\/help\/17442\/windows-internet-explorer-delete-manage-cookies\">Internet Explorer<\/a><\/li>\n\n\n\n<li><a href=\"https:\/\/support.apple.com\/es-es\/guide\/safari\/sfri11471\/mac\">Safari<\/a><\/li>\n\n\n\n<li><a href=\"https:\/\/support.apple.com\/es-es\/HT201265\">Safari para IOS (iPhone y iPad)<\/a><\/li>\n\n\n\n<li><a href=\"https:\/\/support.google.com\/accounts\/answer\/61416?co=GENIE.Platform=Android&amp;hl=es\">Chrome para Android<\/a><\/li>\n<\/ul>\n\n\n\n<p>Si desea tener un mayor control sobre la instalaci\u00f3n de cookies, puede instalar programas o complementos a su navegador, conocidos como herramientas de \u201cDo Not Track\u201d, que le permitir\u00e1n escoger aquellas cookies que desea permitir.<\/p>\n\n\n\n<p>El hecho de que el usuario configure su navegador para rechazar todas las cookies o expresamente nuestras cookies puede suponer que no sea posible acceder a algunos de los servicios y que su experiencia en nuestra web pueda resultar menos satisfactoria.<\/p>\n\n\n\n<p><strong>6. Detalles de contacto<\/strong><\/p>\n\n\n\n<p>Para preguntas y\/o comentarios sobre nuestra pol\u00edtica de cookies y esta declaraci\u00f3n, por favor, contacta con nosotros usando los siguientes datos de contacto:<\/p>\n\n\n\n<p>El titular de este sitio web es: GRUPO IBERHOGAR<\/p>\n\n\n\n<p>NIF: B60873346<\/p>\n\n\n\n<p>Domicilio social: GENERAL PRIN N\u00ba 3 PLANTA 4\u00aa, 08940, CORNELL\u00c0 DE LLOBREGAT, BARCELONA<\/p>\n\n\n\n<p>Email: fberzal@iberhogar.com<\/p>\n\n\n\t<\/div>\n<\/div>\n","protected":false},"excerpt":{"rendered":"","protected":false},"author":1,"featured_media":0,"parent":0,"menu_order":0,"comment_status":"closed","ping_status":"closed","template":"","meta":{"footnotes":""},"class_list":["post-271","page","type-page","status-publish","hentry"],"acf":[],"yoast_head":"<!-- This site is optimized with the Yoast SEO plugin v20.8 - https:\/\/yoast.com\/wordpress\/plugins\/seo\/ -->\n<title>Pol\u00edtica de cookies - Aparcabarato<\/title>\n<meta name=\"robots\" content=\"index, follow, max-snippet:-1, max-image-preview:large, max-video-preview:-1\" \/>\n<link rel=\"canonical\" href=\"https:\/\/www.aparcabarato.com\/ca\/politica-de-cookies\/\" \/>\n<meta property=\"og:locale\" content=\"ca_ES\" \/>\n<meta property=\"og:type\" content=\"article\" \/>\n<meta property=\"og:title\" content=\"Pol\u00edtica de cookies - Aparcabarato\" \/>\n<meta property=\"og:url\" content=\"https:\/\/www.aparcabarato.com\/ca\/politica-de-cookies\/\" \/>\n<meta property=\"og:site_name\" content=\"Aparcabarato\" \/>\n<meta name=\"twitter:card\" content=\"summary_large_image\" \/>\n<meta name=\"twitter:label1\" content=\"Est. reading time\" \/>\n\t<meta name=\"twitter:data1\" content=\"6 minutes\" \/>\n<script type=\"application\/ld+json\" class=\"yoast-schema-graph\">{\"@context\":\"https:\/\/schema.org\",\"@graph\":[{\"@type\":\"WebPage\",\"@id\":\"https:\/\/www.aparcabarato.com\/ca\/politica-de-cookies\/\",\"url\":\"https:\/\/www.aparcabarato.com\/ca\/politica-de-cookies\/\",\"name\":\"Pol\u00edtica de cookies - Aparcabarato\",\"isPartOf\":{\"@id\":\"https:\/\/www.aparcabarato.com\/ca\/#website\"},\"datePublished\":\"2023-05-14T21:42:05+00:00\",\"dateModified\":\"2023-05-14T21:42:05+00:00\",\"breadcrumb\":{\"@id\":\"https:\/\/www.aparcabarato.com\/ca\/politica-de-cookies\/#breadcrumb\"},\"inLanguage\":\"ca\",\"potentialAction\":[{\"@type\":\"ReadAction\",\"target\":[\"https:\/\/www.aparcabarato.com\/ca\/politica-de-cookies\/\"]}]},{\"@type\":\"BreadcrumbList\",\"@id\":\"https:\/\/www.aparcabarato.com\/ca\/politica-de-cookies\/#breadcrumb\",\"itemListElement\":[{\"@type\":\"ListItem\",\"position\":1,\"name\":\"Home\",\"item\":\"https:\/\/aparcabarato.ooptimo.dev\/ca\/home\/\"},{\"@type\":\"ListItem\",\"position\":2,\"name\":\"Pol\u00edtica de cookies\"}]},{\"@type\":\"WebSite\",\"@id\":\"https:\/\/www.aparcabarato.com\/ca\/#website\",\"url\":\"https:\/\/www.aparcabarato.com\/ca\/\",\"name\":\"Aparcabarato\",\"description\":\"Aparca barato en Barcelona\",\"publisher\":{\"@id\":\"https:\/\/www.aparcabarato.com\/ca\/#organization\"},\"potentialAction\":[{\"@type\":\"SearchAction\",\"target\":{\"@type\":\"EntryPoint\",\"urlTemplate\":\"https:\/\/www.aparcabarato.com\/ca\/?s={search_term_string}\"},\"query-input\":\"required name=search_term_string\"}],\"inLanguage\":\"ca\"},{\"@type\":\"Organization\",\"@id\":\"https:\/\/www.aparcabarato.com\/ca\/#organization\",\"name\":\"Aparcabarato\",\"url\":\"https:\/\/www.aparcabarato.com\/ca\/\",\"logo\":{\"@type\":\"ImageObject\",\"inLanguage\":\"ca\",\"@id\":\"https:\/\/www.aparcabarato.com\/ca\/#\/schema\/logo\/image\/\",\"url\":\"https:\/\/www.aparcabarato.com\/wp-content\/uploads\/2023\/05\/aparcabarato.svg\",\"contentUrl\":\"https:\/\/www.aparcabarato.com\/wp-content\/uploads\/2023\/05\/aparcabarato.svg\",\"width\":182,\"height\":25,\"caption\":\"Aparcabarato\"},\"image\":{\"@id\":\"https:\/\/www.aparcabarato.com\/ca\/#\/schema\/logo\/image\/\"}}]}<\/script>\n<!-- \/ Yoast SEO plugin. -->","yoast_head_json":{"title":"Pol\u00edtica de cookies - Aparcabarato","robots":{"index":"index","follow":"follow","max-snippet":"max-snippet:-1","max-image-preview":"max-image-preview:large","max-video-preview":"max-video-preview:-1"},"canonical":"https:\/\/www.aparcabarato.com\/ca\/politica-de-cookies\/","og_locale":"ca_ES","og_type":"article","og_title":"Pol\u00edtica de cookies - Aparcabarato","og_url":"https:\/\/www.aparcabarato.com\/ca\/politica-de-cookies\/","og_site_name":"Aparcabarato","twitter_card":"summary_large_image","twitter_misc":{"Est. reading time":"6 minutes"},"schema":{"@context":"https:\/\/schema.org","@graph":[{"@type":"WebPage","@id":"https:\/\/www.aparcabarato.com\/ca\/politica-de-cookies\/","url":"https:\/\/www.aparcabarato.com\/ca\/politica-de-cookies\/","name":"Pol\u00edtica de cookies - Aparcabarato","isPartOf":{"@id":"https:\/\/www.aparcabarato.com\/ca\/#website"},"datePublished":"2023-05-14T21:42:05+00:00","dateModified":"2023-05-14T21:42:05+00:00","breadcrumb":{"@id":"https:\/\/www.aparcabarato.com\/ca\/politica-de-cookies\/#breadcrumb"},"inLanguage":"ca","potentialAction":[{"@type":"ReadAction","target":["https:\/\/www.aparcabarato.com\/ca\/politica-de-cookies\/"]}]},{"@type":"BreadcrumbList","@id":"https:\/\/www.aparcabarato.com\/ca\/politica-de-cookies\/#breadcrumb","itemListElement":[{"@type":"ListItem","position":1,"name":"Home","item":"https:\/\/aparcabarato.ooptimo.dev\/ca\/home\/"},{"@type":"ListItem","position":2,"name":"Pol\u00edtica de cookies"}]},{"@type":"WebSite","@id":"https:\/\/www.aparcabarato.com\/ca\/#website","url":"https:\/\/www.aparcabarato.com\/ca\/","name":"Aparcabarato","description":"Aparca barato en Barcelona","publisher":{"@id":"https:\/\/www.aparcabarato.com\/ca\/#organization"},"potentialAction":[{"@type":"SearchAction","target":{"@type":"EntryPoint","urlTemplate":"https:\/\/www.aparcabarato.com\/ca\/?s={search_term_string}"},"query-input":"required name=search_term_string"}],"inLanguage":"ca"},{"@type":"Organization","@id":"https:\/\/www.aparcabarato.com\/ca\/#organization","name":"Aparcabarato","url":"https:\/\/www.aparcabarato.com\/ca\/","logo":{"@type":"ImageObject","inLanguage":"ca","@id":"https:\/\/www.aparcabarato.com\/ca\/#\/schema\/logo\/image\/","url":"https:\/\/www.aparcabarato.com\/wp-content\/uploads\/2023\/05\/aparcabarato.svg","contentUrl":"https:\/\/www.aparcabarato.com\/wp-content\/uploads\/2023\/05\/aparcabarato.svg","width":182,"height":25,"caption":"Aparcabarato"},"image":{"@id":"https:\/\/www.aparcabarato.com\/ca\/#\/schema\/logo\/image\/"}}]}},"_links":{"self":[{"href":"https:\/\/www.aparcabarato.com\/ca\/wp-json\/wp\/v2\/pages\/271","targetHints":{"allow":["GET"]}}],"collection":[{"href":"https:\/\/www.aparcabarato.com\/ca\/wp-json\/wp\/v2\/pages"}],"about":[{"href":"https:\/\/www.aparcabarato.com\/ca\/wp-json\/wp\/v2\/types\/page"}],"author":[{"embeddable":true,"href":"https:\/\/www.aparcabarato.com\/ca\/wp-json\/wp\/v2\/users\/1"}],"replies":[{"embeddable":true,"href":"https:\/\/www.aparcabarato.com\/ca\/wp-json\/wp\/v2\/comments?post=271"}],"version-history":[{"count":0,"href":"https:\/\/www.aparcabarato.com\/ca\/wp-json\/wp\/v2\/pages\/271\/revisions"}],"wp:attachment":[{"href":"https:\/\/www.aparcabarato.com\/ca\/wp-json\/wp\/v2\/media?parent=271"}],"curies":[{"name":"wp","href":"https:\/\/api.w.org\/{rel}","templated":true}]}}