{"id":272,"date":"2023-05-13T20:35:18","date_gmt":"2023-05-13T20:35:18","guid":{"rendered":"https:\/\/www.aparcabarato.com\/politica-privacidad\/"},"modified":"2023-05-31T15:30:02","modified_gmt":"2023-05-31T15:30:02","slug":"politica-privacitat","status":"publish","type":"page","link":"https:\/\/www.aparcabarato.com\/ca\/politica-privacitat\/","title":{"rendered":"Pol\u00edtica de privacitat"},"content":{"rendered":"<div\nstyle=\"padding-top:var(--wp--preset--spacing--50);padding-bottom:var(--wp--preset--spacing--50);\" class=\"xsd-container html-content has-none-bg html-content wp-block-xsd-container\">\n\t<div class=\"wrapper wrapper--normal\">\n\t\t\n\n<h1 class=\"wp-block-heading\">Pol\u00edtica de privacitat<\/h1>\n\n\n\n<p>La visita a este sitio web no implica que el usuario est\u00e9 obligado a facilitar ninguna informaci\u00f3n. En el caso de que el usuario facilite alguna informaci\u00f3n de car\u00e1cter personal, los datos recogidos en este sitio web ser\u00e1n tratados de forma leal y l\u00edcita con sujeci\u00f3n en todo momento a los principios y derechos recogidos en el Reglamento (UE) 2016\/679, de 27 de abril, General de Protecci\u00f3n de Datos (RGPD) y dem\u00e1s normativa aplicable.<\/p>\n\n\n\n<p>En cumplimiento de lo dispuesto en el art\u00edculo 13 del RGPD te informamos de lo siguiente:<\/p>\n\n\n\n<p><strong>1. Responsable<\/strong><\/p>\n\n\n\n<p>GRUPO IBERHOGAR (en adelante, \u201cIBERHOGAR\u201d)<\/p>\n\n\n\n<p>NIF: B60873346<\/p>\n\n\n\n<p>General Prin N\u00ba3, Planta 4\u00aa, 08940, Cornell\u00e0 de Llobregat, Bacelona<\/p>\n\n\n\n<p>Por cualquier duda que tengan pueden contactar a trav\u00e9s del siguiente correo electr\u00f3nico: fberzal@iberhogar.es.<\/p>\n\n\n\n<p><strong>2.&nbsp; Informaci\u00f3n y consentimiento<\/strong><\/p>\n\n\n\n<p>Mediante la aceptaci\u00f3n de la presente Pol\u00edtica de Privacidad, el usuario (en adelante, el \u201cUsuario\u201d o los \u201cUsuarios\u201d) queda informado y presta su consentimiento libre, informado, espec\u00edfico e inequ\u00edvoco para que los datos personales que facilite a trav\u00e9s del sitio web ubicado en la URL [https:\/\/www.aparcabarato.com\/] (en adelante, el \u201cSitio Web\u201d) sean tratados por IBERHOGAR, as\u00ed como los datos derivados de su navegaci\u00f3n y aquellos otros datos que pueda facilitar en un futuro.<\/p>\n\n\n\n<p>El Usuario debe leer con atenci\u00f3n esta Pol\u00edtica de Privacidad, que ha sido redactada de forma clara y sencilla, para facilitar su comprensi\u00f3n, pudiendo el Usuario determinar, de forma libre y voluntaria si desea facilitar sus datos personales a IBERHOGAR.<\/p>\n\n\n\n<p><strong>3. Finalidad del tratamiento de datos<\/strong><\/p>\n\n\n\n<p>El Usuario, al facilitar voluntariamente sus datos personales a trav\u00e9s de cualquier formulario de este Sitio Web y aceptar de forma expresa su env\u00edo, autoriza expresamente a IBERHOGAR para que trate e incorpore en un fichero de su propiedad aquellos datos remitidos.<\/p>\n\n\n\n<p>La recogida y tratamiento de los datos personales que el Usuario facilite tiene como finalidad principal la de dar respuesta a la consulta y enviarle informaci\u00f3n comercial y\/o publicitaria. No obstante, tambi\u00e9n tiene como finalidad las siguientes acciones:<\/p>\n\n\n\n<ul class=\"wp-block-list\">\n<li>Contactar con el remitente de la informaci\u00f3n, dar respuesta a su solicitud, petici\u00f3n o consulta y gestionar la publicaci\u00f3n de consultas y comentarios y hacer un seguimiento posterior.<\/li>\n\n\n\n<li>Gestionar, en su caso, su pedido y llevar a cabo la prestaci\u00f3n contratada por el Usuario, su facturaci\u00f3n y cobro.<\/li>\n\n\n\n<li>Gestionar y controlar la cartera de clientes.<\/li>\n\n\n\n<li>Gestionar, en su caso, la participaci\u00f3n del Usuario en sorteos o concursos organizados por IBERHOGAR.<\/li>\n\n\n\n<li>Gestionar, en su caso, el proceso de registro del Usuario en la Plataforma Online.<\/li>\n\n\n\n<li>Valorar y gestionar, en su caso, su curriculum vitae para procesos de selecci\u00f3n que se adapten a su perfil profesional y llevar a cabo las actuaciones necesarias para la selecci\u00f3n y contrataci\u00f3n de personal.<\/li>\n<\/ul>\n\n\n\n<p>En virtud de la Ley 34\/2002, de 11 de julio, de Servicios de la Sociedad de la Informaci\u00f3n y de Comercio Electr\u00f3nico, en ning\u00fan caso IBERHOGAR remitir\u00e1 publicidad y comunicaciones con fines de venta u otras de naturaleza comercial a los Usuarios sin que medie su previa solicitud o consentimiento. Asimismo, tampoco remitir\u00e1 mensajes no solicitados ni consentidos previamente ni enviar\u00e1 cadenas de mensajes electr\u00f3nicos no solicitados ni previamente consentidos.<\/p>\n\n\n\n<p>Los datos personales que el Usuario facilite deber\u00e1n ser verdaderos, exactos, completos y actualizados, respondiendo de los da\u00f1os y perjuicios que se pudieran ocasionar a causa del no cumplimiento de esta obligaci\u00f3n.<\/p>\n\n\n\n<p><strong>4. Protecci\u00f3n de los menores<\/strong><\/p>\n\n\n\n<p>No recogemos datos personales de menores. Es responsabilidad del padre\/madre\/tutor legal velar por para la privacidad de los menores, haciendo todo lo posible para asegurar que han autorizado la recogida y el uso de los datos personales del menor.<\/p>\n\n\n\n<p><strong>5. Duraci\u00f3n del tratamiento de datos<\/strong><\/p>\n\n\n\n<ul class=\"wp-block-list\">\n<li>Los datos para la gesti\u00f3n de la relaci\u00f3n con el cliente y la facturaci\u00f3n y cobro de los servicios ser\u00e1n conservados durante todo el tiempo en que el contrato est\u00e9 vigente. Una vez finalizada dicha relaci\u00f3n, en su caso, los datos podr\u00e1n ser conservados durante el tiempo exigido por la legislaci\u00f3n aplicable y hasta que prescriban las eventuales responsabilidades derivadas del contrato.<\/li>\n\n\n\n<li>Los datos para la gesti\u00f3n de consultas y solicitudes se conservar\u00e1n durante el tiempo necesario para dar respuesta a los mismos, con un plazo m\u00e1ximo de un a\u00f1o.<\/li>\n\n\n\n<li>Los datos relativos a publicaciones de comentarios sobre nuestros productos se mantendr\u00e1n durante la vigencia y publicidad de los productos o servicios a los que hacen referencia, salvo que se exprese tu deseo de que sean eliminados en cualquier momento.<\/li>\n\n\n\n<li>Los datos para la participaci\u00f3n en concursos, sorteos y promociones se conservar\u00e1n durante el tiempo que duren los mismos, seg\u00fan sus bases espec\u00edficas, para gestionar su desarrollo y, despu\u00e9s, hasta que prescriban las posibles responsabilidades derivadas de su realizaci\u00f3n.<\/li>\n\n\n\n<li>Los datos para el env\u00edo de comunicaciones comerciales y elaboraci\u00f3n de perfiles comerciales de nuestros productos o servicios ser\u00e1n conservados indefinidamente hasta que, en su caso, nos manifiestes tu voluntad de suprimirlos.<\/li>\n\n\n\n<li>Los datos de curriculum vitae para procesos de selecci\u00f3n ser\u00e1n conservados durante tres meses.<\/li>\n<\/ul>\n\n\n\n<p><strong>6. Derechos que tiene el usuario en relaci\u00f3n a sus datos<\/strong><\/p>\n\n\n\n<p>El interesado tiene los siguientes derechos:<\/p>\n\n\n\n<ul class=\"wp-block-list\">\n<li>Podr\u00e1 solicitar informaci\u00f3n sobre los datos de car\u00e1cter personal almacenados que le conciernan (acceso)<\/li>\n\n\n\n<li>Podr\u00e1 solicitar que se corrija la inexactitud de sus datos personales. (rectificaci\u00f3n)<\/li>\n\n\n\n<li>Podr\u00e1 solicitar la eliminaci\u00f3n o limitaci\u00f3n del tratamiento de sus datos personales y (supresi\u00f3n y limitaci\u00f3n)<\/li>\n\n\n\n<li>Tambi\u00e9n podr\u00e1 solicitar que se le pongan a disposici\u00f3n sus datos personales en un formato estructurado, corriente y de lectura mec\u00e1nica (portabilidad).<\/li>\n<\/ul>\n\n\n\n<p>Para ello deber\u00e1 dirigirse por escrito adjuntando una copia del DNI o documento que le identifique, a la General Prin n\u00ba3 planta 4, 08940, Cornell\u00e0 de Llobregat, Barcelona o a trav\u00e9s de nuestro formulario o al correo electr\u00f3nico fberzal@iberhogar.es.<\/p>\n\n\n\n<p>El interesado tambi\u00e9n tiene derecho a presentar una reclamaci\u00f3n ante las autoridades de protecci\u00f3n de datos (Agencia Espa\u00f1ola de Protecci\u00f3n de Datos). No obstante, cualquier cuesti\u00f3n relacionada con los datos le invitamos a contactar con nosotros para solucionarla.<\/p>\n\n\n\n<p><strong>7. Legitimaci\u00f3n para el tratamiento de datos<\/strong><\/p>\n\n\n\n<p>La base legal para el tratamiento de datos es el consentimiento expreso del interesado.<\/p>\n\n\n\n<p><strong>8. Destinatarios<\/strong><\/p>\n\n\n\n<p>Con el objetivo de prestar la m\u00e1xima calidad, IBERHOGAR necesita compartir tus Datos Personales con entidades o proveedores externos que nos ayudan a poder ofrecer el mejor servicio.<\/p>\n\n\n\n<ul class=\"wp-block-list\">\n<li>Entidades que nos ayudan con diferentes cuestiones relacionadas con el Servicio. En IBERHOGAR nos aseguramos de que todos nuestros proveedores que pueden tener acceso a tus Datos Personales act\u00faen de manera confidencial, leal y cumpliendo con todo la normativa aplicable.<\/li>\n\n\n\n<li>A las entidades financieras a trav\u00e9s de las que se articule la gesti\u00f3n de cobros y pagos.<\/li>\n\n\n\n<li>A las Administraciones p\u00fablicas competentes, en los casos previstos en la Ley y para los fines en ella definidos.<\/li>\n<\/ul>\n\n\n\n<p><strong>9. Medidas de seguridad<\/strong><\/p>\n\n\n\n<p>IBERHOGAR tratar\u00e1 los datos del Usuario en todo momento de forma absolutamente confidencial y guardando el preceptivo deber de secreto respecto de los mismos, de conformidad con lo previsto en la normativa de aplicaci\u00f3n, adoptando al efecto las medidas de \u00edndole t\u00e9cnica y organizativas necesarias que garanticen la seguridad de sus datos y eviten su alteraci\u00f3n, p\u00e9rdida, tratamiento o acceso no autorizado, habida cuenta del estado de la tecnolog\u00eda, la naturaleza de los datos almacenados y los riesgos a que est\u00e1n expuestos.<\/p>\n\n\n\n<p><strong>10. Cambios<\/strong><\/p>\n\n\n\n<p>IBERHOGAR se reserva el derecho a modificar la presente pol\u00edtica para adaptarla a novedades legislativas o jurisprudenciales as\u00ed como a pr\u00e1cticas de la industria. En dichos supuestos, se anunciar\u00e1 en esta p\u00e1gina los cambios introducidos con razonable antelaci\u00f3n a su puesta en pr\u00e1ctica.<\/p>\n\n\n\n<p><strong>11. Aceptaci\u00f3n y consentimiento<\/strong><\/p>\n\n\n\n<p>El Usuario declara haber sido informado de las condiciones sobre protecci\u00f3n de datos personales, aceptando y consintiendo el tratamiento automatizado de los mismos por parte de IBERHOGAR, en la forma y para las finalidades indicadas en la presente Pol\u00edtica de Privacidad.<\/p>\n\n\n\t<\/div>\n<\/div>\n","protected":false},"excerpt":{"rendered":"","protected":false},"author":1,"featured_media":0,"parent":0,"menu_order":0,"comment_status":"closed","ping_status":"open","template":"","meta":{"footnotes":""},"class_list":["post-272","page","type-page","status-publish","hentry"],"acf":[],"yoast_head":"<!-- This site is optimized with the Yoast SEO plugin v20.8 - https:\/\/yoast.com\/wordpress\/plugins\/seo\/ -->\n<title>Pol\u00edtica de privacitat - Aparcabarato<\/title>\n<meta name=\"robots\" content=\"noindex, follow\" \/>\n<meta property=\"og:locale\" content=\"ca_ES\" \/>\n<meta property=\"og:type\" content=\"article\" \/>\n<meta property=\"og:title\" content=\"Pol\u00edtica de privacitat - Aparcabarato\" \/>\n<meta property=\"og:url\" content=\"https:\/\/www.aparcabarato.com\/ca\/politica-privacitat\/\" \/>\n<meta property=\"og:site_name\" content=\"Aparcabarato\" \/>\n<meta property=\"article:modified_time\" content=\"2023-05-31T15:30:02+00:00\" \/>\n<meta name=\"twitter:card\" content=\"summary_large_image\" \/>\n<meta name=\"twitter:label1\" content=\"Est. reading time\" \/>\n\t<meta name=\"twitter:data1\" content=\"6 minutes\" \/>\n<script type=\"application\/ld+json\" class=\"yoast-schema-graph\">{\"@context\":\"https:\/\/schema.org\",\"@graph\":[{\"@type\":\"WebPage\",\"@id\":\"https:\/\/www.aparcabarato.com\/ca\/politica-privacitat\/\",\"url\":\"https:\/\/www.aparcabarato.com\/ca\/politica-privacitat\/\",\"name\":\"Pol\u00edtica de privacitat - Aparcabarato\",\"isPartOf\":{\"@id\":\"https:\/\/www.aparcabarato.com\/ca\/#website\"},\"datePublished\":\"2023-05-13T20:35:18+00:00\",\"dateModified\":\"2023-05-31T15:30:02+00:00\",\"breadcrumb\":{\"@id\":\"https:\/\/www.aparcabarato.com\/ca\/politica-privacitat\/#breadcrumb\"},\"inLanguage\":\"ca\",\"potentialAction\":[{\"@type\":\"ReadAction\",\"target\":[\"https:\/\/www.aparcabarato.com\/ca\/politica-privacitat\/\"]}]},{\"@type\":\"BreadcrumbList\",\"@id\":\"https:\/\/www.aparcabarato.com\/ca\/politica-privacitat\/#breadcrumb\",\"itemListElement\":[{\"@type\":\"ListItem\",\"position\":1,\"name\":\"Home\",\"item\":\"https:\/\/aparcabarato.ooptimo.dev\/ca\/home\/\"},{\"@type\":\"ListItem\",\"position\":2,\"name\":\"Pol\u00edtica de privacitat\"}]},{\"@type\":\"WebSite\",\"@id\":\"https:\/\/www.aparcabarato.com\/ca\/#website\",\"url\":\"https:\/\/www.aparcabarato.com\/ca\/\",\"name\":\"Aparcabarato\",\"description\":\"Aparca barato en Barcelona\",\"publisher\":{\"@id\":\"https:\/\/www.aparcabarato.com\/ca\/#organization\"},\"potentialAction\":[{\"@type\":\"SearchAction\",\"target\":{\"@type\":\"EntryPoint\",\"urlTemplate\":\"https:\/\/www.aparcabarato.com\/ca\/?s={search_term_string}\"},\"query-input\":\"required name=search_term_string\"}],\"inLanguage\":\"ca\"},{\"@type\":\"Organization\",\"@id\":\"https:\/\/www.aparcabarato.com\/ca\/#organization\",\"name\":\"Aparcabarato\",\"url\":\"https:\/\/www.aparcabarato.com\/ca\/\",\"logo\":{\"@type\":\"ImageObject\",\"inLanguage\":\"ca\",\"@id\":\"https:\/\/www.aparcabarato.com\/ca\/#\/schema\/logo\/image\/\",\"url\":\"https:\/\/www.aparcabarato.com\/wp-content\/uploads\/2023\/05\/aparcabarato.svg\",\"contentUrl\":\"https:\/\/www.aparcabarato.com\/wp-content\/uploads\/2023\/05\/aparcabarato.svg\",\"width\":182,\"height\":25,\"caption\":\"Aparcabarato\"},\"image\":{\"@id\":\"https:\/\/www.aparcabarato.com\/ca\/#\/schema\/logo\/image\/\"}}]}<\/script>\n<!-- \/ Yoast SEO plugin. -->","yoast_head_json":{"title":"Pol\u00edtica de privacitat - Aparcabarato","robots":{"index":"noindex","follow":"follow"},"og_locale":"ca_ES","og_type":"article","og_title":"Pol\u00edtica de privacitat - Aparcabarato","og_url":"https:\/\/www.aparcabarato.com\/ca\/politica-privacitat\/","og_site_name":"Aparcabarato","article_modified_time":"2023-05-31T15:30:02+00:00","twitter_card":"summary_large_image","twitter_misc":{"Est. reading time":"6 minutes"},"schema":{"@context":"https:\/\/schema.org","@graph":[{"@type":"WebPage","@id":"https:\/\/www.aparcabarato.com\/ca\/politica-privacitat\/","url":"https:\/\/www.aparcabarato.com\/ca\/politica-privacitat\/","name":"Pol\u00edtica de privacitat - Aparcabarato","isPartOf":{"@id":"https:\/\/www.aparcabarato.com\/ca\/#website"},"datePublished":"2023-05-13T20:35:18+00:00","dateModified":"2023-05-31T15:30:02+00:00","breadcrumb":{"@id":"https:\/\/www.aparcabarato.com\/ca\/politica-privacitat\/#breadcrumb"},"inLanguage":"ca","potentialAction":[{"@type":"ReadAction","target":["https:\/\/www.aparcabarato.com\/ca\/politica-privacitat\/"]}]},{"@type":"BreadcrumbList","@id":"https:\/\/www.aparcabarato.com\/ca\/politica-privacitat\/#breadcrumb","itemListElement":[{"@type":"ListItem","position":1,"name":"Home","item":"https:\/\/aparcabarato.ooptimo.dev\/ca\/home\/"},{"@type":"ListItem","position":2,"name":"Pol\u00edtica de privacitat"}]},{"@type":"WebSite","@id":"https:\/\/www.aparcabarato.com\/ca\/#website","url":"https:\/\/www.aparcabarato.com\/ca\/","name":"Aparcabarato","description":"Aparca barato en Barcelona","publisher":{"@id":"https:\/\/www.aparcabarato.com\/ca\/#organization"},"potentialAction":[{"@type":"SearchAction","target":{"@type":"EntryPoint","urlTemplate":"https:\/\/www.aparcabarato.com\/ca\/?s={search_term_string}"},"query-input":"required name=search_term_string"}],"inLanguage":"ca"},{"@type":"Organization","@id":"https:\/\/www.aparcabarato.com\/ca\/#organization","name":"Aparcabarato","url":"https:\/\/www.aparcabarato.com\/ca\/","logo":{"@type":"ImageObject","inLanguage":"ca","@id":"https:\/\/www.aparcabarato.com\/ca\/#\/schema\/logo\/image\/","url":"https:\/\/www.aparcabarato.com\/wp-content\/uploads\/2023\/05\/aparcabarato.svg","contentUrl":"https:\/\/www.aparcabarato.com\/wp-content\/uploads\/2023\/05\/aparcabarato.svg","width":182,"height":25,"caption":"Aparcabarato"},"image":{"@id":"https:\/\/www.aparcabarato.com\/ca\/#\/schema\/logo\/image\/"}}]}},"_links":{"self":[{"href":"https:\/\/www.aparcabarato.com\/ca\/wp-json\/wp\/v2\/pages\/272","targetHints":{"allow":["GET"]}}],"collection":[{"href":"https:\/\/www.aparcabarato.com\/ca\/wp-json\/wp\/v2\/pages"}],"about":[{"href":"https:\/\/www.aparcabarato.com\/ca\/wp-json\/wp\/v2\/types\/page"}],"author":[{"embeddable":true,"href":"https:\/\/www.aparcabarato.com\/ca\/wp-json\/wp\/v2\/users\/1"}],"replies":[{"embeddable":true,"href":"https:\/\/www.aparcabarato.com\/ca\/wp-json\/wp\/v2\/comments?post=272"}],"version-history":[{"count":1,"href":"https:\/\/www.aparcabarato.com\/ca\/wp-json\/wp\/v2\/pages\/272\/revisions"}],"predecessor-version":[{"id":274,"href":"https:\/\/www.aparcabarato.com\/ca\/wp-json\/wp\/v2\/pages\/272\/revisions\/274"}],"wp:attachment":[{"href":"https:\/\/www.aparcabarato.com\/ca\/wp-json\/wp\/v2\/media?parent=272"}],"curies":[{"name":"wp","href":"https:\/\/api.w.org\/{rel}","templated":true}]}}